{"id":822,"date":"2025-07-16T14:57:53","date_gmt":"2025-07-16T13:57:53","guid":{"rendered":"https:\/\/carfylimassol.com\/?page_id=822"},"modified":"2025-07-17T18:40:44","modified_gmt":"2025-07-17T17:40:44","slug":"allmanna-villkor","status":"publish","type":"page","link":"https:\/\/carfylimassol.com\/sv\/allmanna-villkor\/","title":{"rendered":"Allm\u00e4nna villkor"},"content":{"rendered":"<p>Dessa villkor reglerar anv\u00e4ndningen av webbplatsen carfylimassol.com och de biluthyrningstj\u00e4nster som tillhandah\u00e5lls av CarFy Limassol (nedan kallat \u201dvi\u201d, \u201dv\u00e5r tj\u00e4nst\u201d, \u201df\u00f6retaget\u201d). Genom att anv\u00e4nda webbplatsen och g\u00f6ra en bokning godk\u00e4nner du villkoren nedan.<\/p>\n<h2>1. Bilbokningar<\/h2>\n<p>Kunder kan g\u00f6ra bokningar via webbplatsen.<\/p>\n<p>F\u00f6r att bekr\u00e4fta din best\u00e4llning kan du beh\u00f6va g\u00f6ra en f\u00f6rskottsbetalning eller full betalning i enlighet med de villkor som anges n\u00e4r du g\u00f6r bokningen.<\/p>\n<p>All information du anger n\u00e4r du g\u00f6r en bokning m\u00e5ste vara korrekt.<\/p>\n<h2>2. Hyresvillkor<\/h2>\n<p>Minimi\u00e5ldern f\u00f6r f\u00f6raren \u00e4r 21 \u00e5r och k\u00f6rerfarenheten \u00e4r minst 2 \u00e5r.<\/p>\n<p>Ett giltigt pass eller ID-kort och ett k\u00f6rkort (internationellt f\u00f6r icke-EU-medborgare) kr\u00e4vs f\u00f6r uthyrning.<\/p>\n<p>Bilen \u00f6verl\u00e4mnas p\u00e5 \u00f6verenskommen plats och tid.<\/p>\n<p>Hyraren \u00e4r ansvarig f\u00f6r bilens s\u00e4kerhet under hela hyresperioden.<\/p>\n<h2>3. F\u00f6rs\u00e4kring<\/h2>\n<p>Alla bilar t\u00e4cks av en grundf\u00f6rs\u00e4kring.<\/p>\n<p>Fullf\u00f6rs\u00e4kring utan sj\u00e4lvrisk finns som tillval p\u00e5 kundens beg\u00e4ran och mot en extra avgift.<\/p>\n<p>F\u00f6rs\u00e4kringen t\u00e4cker inte trafikf\u00f6rseelser eller rattfylleri.<\/p>\n<h2>4. Kostnad och betalning<\/h2>\n<p>Den slutliga hyreskostnaden beror p\u00e5 bilklass, hyrestid och till\u00e4ggstj\u00e4nster (GPS, barnstol, f\u00f6rs\u00e4kring etc.).<\/p>\n<p>Vi accepterar kontant betalning, betalning med betalkort\/kreditkort och bank\u00f6verf\u00f6ring.<\/p>\n<p>Vid tidig \u00e5terl\u00e4mning av bilen \u00e5terbetalas inte pengarna, om inte annat anges i avtalet.<\/p>\n<h2>5. Avbokning och \u00e4ndringar<\/h2>\n<p>Du kan avboka din reservation i f\u00f6rv\u00e4g. Avbokningsvillkoren beror p\u00e5 de villkor som avtalats vid bokningstillf\u00e4llet.<\/p>\n<p>\u00c4ndringar av bokningen (datum, upph\u00e4mtningsplats, bilkategori) \u00e4r m\u00f6jliga i m\u00e5n av tillg\u00e4nglighet.<\/p>\n<h2>6. Ansvar<\/h2>\n<p>F\u00f6retaget ansvarar inte f\u00f6r f\u00f6rlust eller skada p\u00e5 personliga tillh\u00f6righeter i bilen.<\/p>\n<p>Vid en olycka \u00e4r kunden skyldig att omedelbart underr\u00e4tta polisen och f\u00f6retaget.<\/p>\n<p>Det \u00e4r f\u00f6rbjudet att \u00f6verl\u00e5ta bilen till tredje part utan skriftligt medgivande fr\u00e5n f\u00f6retaget.<\/p>\n<h2>7. Anv\u00e4ndning av webbplatsen<\/h2>\n<p>Inneh\u00e5llet p\u00e5 webbplatsen \u00e4r CarFy Limassols immateriella egendom. Det \u00e4r f\u00f6rbjudet att kopiera eller distribuera material utan skriftligt medgivande.<\/p>\n<p>Vi garanterar inte att webbplatsen alltid \u00e4r tillg\u00e4nglig, men vi g\u00f6r allt vi kan f\u00f6r att s\u00e4kerst\u00e4lla att tj\u00e4nsten fungerar stabilt.<\/p>\n<h2>8. Jurisdiktion<\/h2>\n<p>Dessa villkor regleras av Republiken Cyperns lagar. Alla tvister ska avg\u00f6ras i domstol p\u00e5 den plats d\u00e4r f\u00f6retaget \u00e4r registrerat.<\/p>\n","protected":false},"excerpt":{"rendered":"<p>Dessa villkor reglerar anv\u00e4ndningen av webbplatsen carfylimassol.com och de biluthyrningstj\u00e4nster som tillhandah\u00e5lls av CarFy Limassol (nedan kallat \u201dvi\u201d, \u201dv\u00e5r tj\u00e4nst\u201d, \u201df\u00f6retaget\u201d). Genom att anv\u00e4nda webbplatsen och g\u00f6ra en bokning godk\u00e4nner du villkoren nedan. 1. Bilbokningar Kunder kan g\u00f6ra bokningar via webbplatsen. F\u00f6r att bekr\u00e4fta din best\u00e4llning kan du beh\u00f6va g\u00f6ra en f\u00f6rskottsbetalning eller full betalning [&hellip;]<\/p>\n","protected":false},"author":2,"featured_media":0,"parent":0,"menu_order":0,"comment_status":"closed","ping_status":"closed","template":"","meta":{"_glsr_average":0,"_glsr_ranking":0,"_glsr_reviews":0,"footnotes":""},"class_list":["post-822","page","type-page","status-publish",""],"rankMath":{"parentDomain":"carfylimassol.com","noFollowDomains":[],"noFollowExcludeDomains":[],"noFollowExternalLinks":true,"featuredImageNotice":"Den utvalda bilden b\u00f6r vara minst 200 \u00d7 200 pixlar f\u00f6r den ska k\u00e4nnas igen och anv\u00e4ndas av Facebook och andra sociala media-webbplatser.","pluginReviewed":false,"postSettings":{"linkSuggestions":true,"useFocusKeyword":false},"frontEndScore":false,"postName":"allmanna-villkor","permalinkFormat":"https:\/\/carfylimassol.com\/sv\/%pagename%\/","showLockModifiedDate":true,"assessor":{"focusKeywordLink":"https:\/\/carfylimassol.com\/wp-admin\/edit.php?focus_keyword=%focus_keyword%&post_type=%post_type%","hasTOCPlugin":false,"primaryTaxonomy":false,"serpData":{"title":"","description":"Allm\u00e4nna villkor","focusKeywords":"","pillarContent":false,"canonicalUrl":"","breadcrumbTitle":"","advancedRobots":{"max-snippet":"-1","max-video-preview":"-1","max-image-preview":"large"},"facebookTitle":"","facebookDescription":"","facebookImage":"","facebookImageID":"","facebookHasOverlay":false,"facebookImageOverlay":"","facebookAuthor":"","twitterCardType":"","twitterUseFacebook":true,"twitterTitle":"","twitterDescription":"","twitterImage":"","twitterImageID":"","twitterHasOverlay":false,"twitterImageOverlay":"","twitterPlayerUrl":"","twitterPlayerSize":"","twitterPlayerStream":"","twitterPlayerStreamCtype":"","twitterAppDescription":"","twitterAppIphoneName":"","twitterAppIphoneID":"","twitterAppIphoneUrl":"","twitterAppIpadName":"","twitterAppIpadID":"","twitterAppIpadUrl":"","twitterAppGoogleplayName":"","twitterAppGoogleplayID":"","twitterAppGoogleplayUrl":"","twitterAppCountry":"","robots":{"index":true},"twitterAuthor":"anv\u00e4ndarnamn","primaryTerm":0,"authorName":"Max","titleTemplate":"%title% %sep% %sitename%","descriptionTemplate":"%excerpt%","showScoreFrontend":true,"lockModifiedDate":false},"powerWords":["akta","ansedd","ansett","ansedda","attraktiv","attraktivare","attraktivast","attraktivt","banbrytande","belaten","bel\u00e5ten","bel\u00e5tnare","bel\u00e5tnast","bel\u00e5tet","beromd","ber\u00f6md","ber\u00f6mda","ber\u00f6mdare","ber\u00f6mdast","ber\u00f6mt","betydelsefull","betydelsefullare","betydelsefullast","betydelsefullt","bevisad","bevisa","bevisade","bevisar","bevisat","blandande","blanda","blandar","blandade","blandat","briljant","briljantare","briljantast","effektiv","effektivare","effektivast","effektivt","eftertraktad","eftertraktade","eftertraktar","eftertraktat","elegant","elegantare","elegantast","enastaende","enast\u00e5ende","energisk","energiskare","energiskt","exklusiv","exklusivare","exklusivast","exklusivt","fangslande","fantastisk","fantastiska","fantastiskt","fint","fin","finare","finast","finaste","framgangsrik","framg\u00e5ngsrik","framg\u00e5ngsrikare","framg\u00e5ngsrikast","framg\u00e5ngsrikt","fullandad","full\u00e4ndad","full\u00e4ndade","full\u00e4ndat","fullgora","fullgjorda","fullgjorde","fullgjort","f\u00e4ngslande","f\u00e4ngslad","f\u00e4ngslade","f\u00e4ngslat","f\u00e4ngslar","f\u00f6r\u00e4ndra","f\u00f6r\u00e4ndrat","f\u00f6rtr\u00e4fflig","f\u00f6rtr\u00e4ffligare","f\u00f6rtr\u00e4ffligast","f\u00f6rtr\u00e4ffligt","glansande","gl\u00e4nsa","gl\u00e4nsande","gl\u00e4nste","gl\u00e4nst","glomd","gl\u00f6mda","gl\u00f6mde","gl\u00f6mma","gl\u00f6mmer","gl\u00f6mt","hyllad","hyllade","hyllar","hyllat","imponerande","imponerad","imponerade","imponerar","imponerat","inspirerad","inspirerande","inspirerar","inspirerade","inspirerat","kand","k\u00e4nd","k\u00e4nda","k\u00e4ndare","k\u00e4ndast","k\u00e4nt","kraftfull","kraftfullare","kraftfullast","kraftfullt","kraftig","kraftigare","kraftigast","kraftigaste","kreativ","kreativare","kreativast","kreativt","langtan","legendarisk","legendariska","legendariskt","lidelsefull","lidelsefulla","lidelsefullare","lidelsefullast","lidelsefullt","livlig","livligare","livligast","livligt","l\u00e4ngtan","lysande","lyser","lyste","maktig","m\u00e4ktig","m\u00e4ktigare","m\u00e4ktigast","m\u00e4ktigt","minnesvard","minnesv\u00e4rd","minnesv\u00e4rda","minnesv\u00e4rt","oerhord","oerh\u00f6rd","oerh\u00f6rdare","oerh\u00f6rdast","oerh\u00f6rt","oforglomlig","of\u00f6rgl\u00f6mlig","of\u00f6rgl\u00f6mligare","of\u00f6rgl\u00f6mligast","of\u00f6rgl\u00f6mligt","omtycka","omtycker","omtyckte","omtyckt","omtyckta","ondskefull","ondskefullt","ondska","onskan","otroligare","otrolig","otroligast","otroligt","palitlig","passion","passionerad","passionerade","passionerat","praktfull","praktfullare","praktfullast","praktfullt","pris","prisa","prisade","prisar","prisa","prisar","prisat","professionell","professionella","professionellt","p\u00e5litlig","p\u00e5litligare","p\u00e5litligast","p\u00e5litligt","renommerad","renommerade","renommerat","revolution","revolutionera","saker","s\u00e4ker","s\u00e4krare","s\u00e4krast","s\u00e4kert","sallsynt","s\u00e4llsynt","s\u00e4llsyntare","s\u00e4llsyntast","s\u00e4llsynthet","sensationell","sensationellare","sensationellast","sensationellt","skapad","skapade","skapande","skapar","skapat","sofistikerad","sofistikerade","sofistikerat","speciell","speciellare","speciellast","speciella","speciellt","stark","starkare","starkast","starkt","storslagen","storslagna","storslaget","stralande","str\u00e5la","str\u00e5lade","str\u00e5lar","str\u00e5lat","str\u00e5lande","tillfredstalld","tillfredsst\u00e4lld","tillfredsst\u00e4llda","tillfredsst\u00e4llde","tillfredsst\u00e4ller","tillfredsst\u00e4lla","tillfredsst\u00e4llt","trygg","tryggare","tryggast","tryggt","underbar","underbarare","underbarast","underbart","ungdomlig","ungdomligare","ungdomligast","ungdomligt","uppfylla","uppfylld","uppfyller","uppfyllt","uppriktig","uppriktigare","uppriktigast","uppriktigt","utmarkt","utm\u00e4rka","utm\u00e4rkt","utm\u00e4rktast","utm\u00e4rker","utm\u00e4rkte","utstralad","utstr\u00e5lade","utstr\u00e5lar","utstr\u00e5lat","utstr\u00e5lande","vasentlig","v\u00e4sentlig","v\u00e4sentligare","v\u00e4sentligast","v\u00e4sentligt","viktig","viktigare","viktigast","viktigt","\u00e4kta","\u00e4ktare","\u00e4ktast","\u00e4ktaste","\u00f6nskad","\u00f6nska","\u00f6nskan","\u00f6verl\u00e4gsen","\u00f6verl\u00e4gsnare","\u00f6verl\u00e4gsnast","\u00f6verl\u00e4gset"],"diacritics":{"A":"[\\u0041\\u24B6\\uFF21\\u00C0\\u00C1\\u00C2\\u1EA6\\u1EA4\\u1EAA\\u1EA8\\u00C3\\u0100\\u0102\\u1EB0\\u1EAE\\u1EB4\\u1EB2\\u0226\\u01E0\\u00C4\\u01DE\\u1EA2\\u00C5\\u01FA\\u01CD\\u0200\\u0202\\u1EA0\\u1EAC\\u1EB6\\u1E00\\u0104\\u023A\\u2C6F]","AA":"[\\uA732]","AE":"[\\u00C6\\u01FC\\u01E2]","AO":"[\\uA734]","AU":"[\\uA736]","AV":"[\\uA738\\uA73A]","AY":"[\\uA73C]","B":"[\\u0042\\u24B7\\uFF22\\u1E02\\u1E04\\u1E06\\u0243\\u0182\\u0181]","C":"[\\u0043\\u24B8\\uFF23\\u0106\\u0108\\u010A\\u010C\\u00C7\\u1E08\\u0187\\u023B\\uA73E]","D":"[\\u0044\\u24B9\\uFF24\\u1E0A\\u010E\\u1E0C\\u1E10\\u1E12\\u1E0E\\u0110\\u018B\\u018A\\u0189\\uA779]","DZ":"[\\u01F1\\u01C4]","Dz":"[\\u01F2\\u01C5]","E":"[\\u0045\\u24BA\\uFF25\\u00C8\\u00C9\\u00CA\\u1EC0\\u1EBE\\u1EC4\\u1EC2\\u1EBC\\u0112\\u1E14\\u1E16\\u0114\\u0116\\u00CB\\u1EBA\\u011A\\u0204\\u0206\\u1EB8\\u1EC6\\u0228\\u1E1C\\u0118\\u1E18\\u1E1A\\u0190\\u018E]","F":"[\\u0046\\u24BB\\uFF26\\u1E1E\\u0191\\uA77B]","G":"[\\u0047\\u24BC\\uFF27\\u01F4\\u011C\\u1E20\\u011E\\u0120\\u01E6\\u0122\\u01E4\\u0193\\uA7A0\\uA77D\\uA77E]","H":"[\\u0048\\u24BD\\uFF28\\u0124\\u1E22\\u1E26\\u021E\\u1E24\\u1E28\\u1E2A\\u0126\\u2C67\\u2C75\\uA78D]","I":"[\\u0049\\u24BE\\uFF29\\u00CC\\u00CD\\u00CE\\u0128\\u012A\\u012C\\u0130\\u00CF\\u1E2E\\u1EC8\\u01CF\\u0208\\u020A\\u1ECA\\u012E\\u1E2C\\u0197]","J":"[\\u004A\\u24BF\\uFF2A\\u0134\\u0248]","K":"[\\u004B\\u24C0\\uFF2B\\u1E30\\u01E8\\u1E32\\u0136\\u1E34\\u0198\\u2C69\\uA740\\uA742\\uA744\\uA7A2]","L":"[\\u004C\\u24C1\\uFF2C\\u013F\\u0139\\u013D\\u1E36\\u1E38\\u013B\\u1E3C\\u1E3A\\u0141\\u023D\\u2C62\\u2C60\\uA748\\uA746\\uA780]","LJ":"[\\u01C7]","Lj":"[\\u01C8]","M":"[\\u004D\\u24C2\\uFF2D\\u1E3E\\u1E40\\u1E42\\u2C6E\\u019C]","N":"[\\u004E\\u24C3\\uFF2E\\u01F8\\u0143\\u00D1\\u1E44\\u0147\\u1E46\\u0145\\u1E4A\\u1E48\\u0220\\u019D\\uA790\\uA7A4]","NJ":"[\\u01CA]","Nj":"[\\u01CB]","O":"[\\u004F\\u24C4\\uFF2F\\u00D2\\u00D3\\u00D4\\u1ED2\\u1ED0\\u1ED6\\u1ED4\\u00D5\\u1E4C\\u022C\\u1E4E\\u014C\\u1E50\\u1E52\\u014E\\u022E\\u0230\\u00D6\\u022A\\u1ECE\\u0150\\u01D1\\u020C\\u020E\\u01A0\\u1EDC\\u1EDA\\u1EE0\\u1EDE\\u1EE2\\u1ECC\\u1ED8\\u01EA\\u01EC\\u00D8\\u01FE\\u0186\\u019F\\uA74A\\uA74C]","OI":"[\\u01A2]","OO":"[\\uA74E]","OU":"[\\u0222]","P":"[\\u0050\\u24C5\\uFF30\\u1E54\\u1E56\\u01A4\\u2C63\\uA750\\uA752\\uA754]","Q":"[\\u0051\\u24C6\\uFF31\\uA756\\uA758\\u024A]","R":"[\\u0052\\u24C7\\uFF32\\u0154\\u1E58\\u0158\\u0210\\u0212\\u1E5A\\u1E5C\\u0156\\u1E5E\\u024C\\u2C64\\uA75A\\uA7A6\\uA782]","S":"[\\u0053\\u24C8\\uFF33\\u1E9E\\u015A\\u1E64\\u015C\\u1E60\\u0160\\u1E66\\u1E62\\u1E68\\u0218\\u015E\\u2C7E\\uA7A8\\uA784]","T":"[\\u0054\\u24C9\\uFF34\\u1E6A\\u0164\\u1E6C\\u021A\\u0162\\u1E70\\u1E6E\\u0166\\u01AC\\u01AE\\u023E\\uA786]","TZ":"[\\uA728]","U":"[\\u0055\\u24CA\\uFF35\\u00D9\\u00DA\\u00DB\\u0168\\u1E78\\u016A\\u1E7A\\u016C\\u00DC\\u01DB\\u01D7\\u01D5\\u01D9\\u1EE6\\u016E\\u0170\\u01D3\\u0214\\u0216\\u01AF\\u1EEA\\u1EE8\\u1EEE\\u1EEC\\u1EF0\\u1EE4\\u1E72\\u0172\\u1E76\\u1E74\\u0244]","V":"[\\u0056\\u24CB\\uFF36\\u1E7C\\u1E7E\\u01B2\\uA75E\\u0245]","VY":"[\\uA760]","W":"[\\u0057\\u24CC\\uFF37\\u1E80\\u1E82\\u0174\\u1E86\\u1E84\\u1E88\\u2C72]","X":"[\\u0058\\u24CD\\uFF38\\u1E8A\\u1E8C]","Y":"[\\u0059\\u24CE\\uFF39\\u1EF2\\u00DD\\u0176\\u1EF8\\u0232\\u1E8E\\u0178\\u1EF6\\u1EF4\\u01B3\\u024E\\u1EFE]","Z":"[\\u005A\\u24CF\\uFF3A\\u0179\\u1E90\\u017B\\u017D\\u1E92\\u1E94\\u01B5\\u0224\\u2C7F\\u2C6B\\uA762]","a":"[\\u0061\\u24D0\\uFF41\\u1E9A\\u00E0\\u00E1\\u00E2\\u1EA7\\u1EA5\\u1EAB\\u1EA9\\u00E3\\u0101\\u0103\\u1EB1\\u1EAF\\u1EB5\\u1EB3\\u0227\\u01E1\\u00E4\\u01DF\\u1EA3\\u00E5\\u01FB\\u01CE\\u0201\\u0203\\u1EA1\\u1EAD\\u1EB7\\u1E01\\u0105\\u2C65\\u0250]","aa":"[\\uA733]","ae":"[\\u00E6\\u01FD\\u01E3]","ao":"[\\uA735]","au":"[\\uA737]","av":"[\\uA739\\uA73B]","ay":"[\\uA73D]","b":"[\\u0062\\u24D1\\uFF42\\u1E03\\u1E05\\u1E07\\u0180\\u0183\\u0253]","c":"[\\u0063\\u24D2\\uFF43\\u0107\\u0109\\u010B\\u010D\\u00E7\\u1E09\\u0188\\u023C\\uA73F\\u2184]","d":"[\\u0064\\u24D3\\uFF44\\u1E0B\\u010F\\u1E0D\\u1E11\\u1E13\\u1E0F\\u0111\\u018C\\u0256\\u0257\\uA77A]","dz":"[\\u01F3\\u01C6]","e":"[\\u0065\\u24D4\\uFF45\\u00E8\\u00E9\\u00EA\\u1EC1\\u1EBF\\u1EC5\\u1EC3\\u1EBD\\u0113\\u1E15\\u1E17\\u0115\\u0117\\u00EB\\u1EBB\\u011B\\u0205\\u0207\\u1EB9\\u1EC7\\u0229\\u1E1D\\u0119\\u1E19\\u1E1B\\u0247\\u025B\\u01DD]","f":"[\\u0066\\u24D5\\uFF46\\u1E1F\\u0192\\uA77C]","g":"[\\u0067\\u24D6\\uFF47\\u01F5\\u011D\\u1E21\\u011F\\u0121\\u01E7\\u0123\\u01E5\\u0260\\uA7A1\\u1D79\\uA77F]","h":"[\\u0068\\u24D7\\uFF48\\u0125\\u1E23\\u1E27\\u021F\\u1E25\\u1E29\\u1E2B\\u1E96\\u0127\\u2C68\\u2C76\\u0265]","hv":"[\\u0195]","i":"[\\u0069\\u24D8\\uFF49\\u00EC\\u00ED\\u00EE\\u0129\\u012B\\u012D\\u00EF\\u1E2F\\u1EC9\\u01D0\\u0209\\u020B\\u1ECB\\u012F\\u1E2D\\u0268\\u0131]","j":"[\\u006A\\u24D9\\uFF4A\\u0135\\u01F0\\u0249]","k":"[\\u006B\\u24DA\\uFF4B\\u1E31\\u01E9\\u1E33\\u0137\\u1E35\\u0199\\u2C6A\\uA741\\uA743\\uA745\\uA7A3]","l":"[\\u006C\\u24DB\\uFF4C\\u0140\\u013A\\u013E\\u1E37\\u1E39\\u013C\\u1E3D\\u1E3B\\u017F\\u0142\\u019A\\u026B\\u2C61\\uA749\\uA781\\uA747]","lj":"[\\u01C9]","m":"[\\u006D\\u24DC\\uFF4D\\u1E3F\\u1E41\\u1E43\\u0271\\u026F]","n":"[\\u006E\\u24DD\\uFF4E\\u01F9\\u0144\\u00F1\\u1E45\\u0148\\u1E47\\u0146\\u1E4B\\u1E49\\u019E\\u0272\\u0149\\uA791\\uA7A5]","nj":"[\\u01CC]","o":"[\\u006F\\u24DE\\uFF4F\\u00F2\\u00F3\\u00F4\\u1ED3\\u1ED1\\u1ED7\\u1ED5\\u00F5\\u1E4D\\u022D\\u1E4F\\u014D\\u1E51\\u1E53\\u014F\\u022F\\u0231\\u00F6\\u022B\\u1ECF\\u0151\\u01D2\\u020D\\u020F\\u01A1\\u1EDD\\u1EDB\\u1EE1\\u1EDF\\u1EE3\\u1ECD\\u1ED9\\u01EB\\u01ED\\u00F8\\u01FF\\u0254\\uA74B\\uA74D\\u0275]","oi":"[\\u01A3]","ou":"[\\u0223]","oo":"[\\uA74F]","p":"[\\u0070\\u24DF\\uFF50\\u1E55\\u1E57\\u01A5\\u1D7D\\uA751\\uA753\\uA755]","q":"[\\u0071\\u24E0\\uFF51\\u024B\\uA757\\uA759]","r":"[\\u0072\\u24E1\\uFF52\\u0155\\u1E59\\u0159\\u0211\\u0213\\u1E5B\\u1E5D\\u0157\\u1E5F\\u024D\\u027D\\uA75B\\uA7A7\\uA783]","s":"[\\u0073\\u24E2\\uFF53\\u015B\\u1E65\\u015D\\u1E61\\u0161\\u1E67\\u1E63\\u1E69\\u0219\\u015F\\u023F\\uA7A9\\uA785\\u1E9B]","ss":"[\\u00DF]","t":"[\\u0074\\u24E3\\uFF54\\u1E6B\\u1E97\\u0165\\u1E6D\\u021B\\u0163\\u1E71\\u1E6F\\u0167\\u01AD\\u0288\\u2C66\\uA787]","tz":"[\\uA729]","u":"[\\u0075\\u24E4\\uFF55\\u00F9\\u00FA\\u00FB\\u0169\\u1E79\\u016B\\u1E7B\\u016D\\u00FC\\u01DC\\u01D8\\u01D6\\u01DA\\u1EE7\\u016F\\u0171\\u01D4\\u0215\\u0217\\u01B0\\u1EEB\\u1EE9\\u1EEF\\u1EED\\u1EF1\\u1EE5\\u1E73\\u0173\\u1E77\\u1E75\\u0289]","v":"[\\u0076\\u24E5\\uFF56\\u1E7D\\u1E7F\\u028B\\uA75F\\u028C]","vy":"[\\uA761]","w":"[\\u0077\\u24E6\\uFF57\\u1E81\\u1E83\\u0175\\u1E87\\u1E85\\u1E98\\u1E89\\u2C73]","x":"[\\u0078\\u24E7\\uFF58\\u1E8B\\u1E8D]","y":"[\\u0079\\u24E8\\uFF59\\u1EF3\\u00FD\\u0177\\u1EF9\\u0233\\u1E8F\\u00FF\\u1EF7\\u1E99\\u1EF5\\u01B4\\u024F\\u1EFF]","z":"[\\u007A\\u24E9\\uFF5A\\u017A\\u1E91\\u017C\\u017E\\u1E93\\u1E95\\u01B6\\u0225\\u0240\\u2C6C\\uA763]"},"researchesTests":["contentHasTOC","contentHasShortParagraphs","contentHasAssets","keywordInTitle","keywordInMetaDescription","keywordInPermalink","keywordIn10Percent","keywordInContent","keywordInSubheadings","keywordInImageAlt","keywordDensity","keywordNotUsed","lengthContent","lengthPermalink","linksHasInternal","linksHasExternals","linksNotAllExternals","titleStartWithKeyword","titleSentiment","titleHasPowerWords","titleHasNumber","hasContentAI"],"hasRedirection":false,"hasBreadcrumb":false},"homeUrl":"https:\/\/carfylimassol.com\/sv\/","objectID":822,"objectType":"post","locale":"sv","localeFull":"sv_SE","overlayImages":{"play":{"name":"Ikon f\u00f6r uppspelning","url":"https:\/\/carfylimassol.com\/wp-content\/plugins\/seo-by-rank-math\/assets\/admin\/img\/icon-play.png","path":"\/var\/www\/carfylimassol\/carfylimassol.com\/wp-content\/plugins\/seo-by-rank-math\/assets\/admin\/img\/icon-play.png","position":"middle_center"},"gif":{"name":"GIF-ikon","url":"https:\/\/carfylimassol.com\/wp-content\/plugins\/seo-by-rank-math\/assets\/admin\/img\/icon-gif.png","path":"\/var\/www\/carfylimassol\/carfylimassol.com\/wp-content\/plugins\/seo-by-rank-math\/assets\/admin\/img\/icon-gif.png","position":"middle_center"}},"defautOgImage":"https:\/\/carfylimassol.com\/wp-content\/uploads\/2025\/07\/carfy-limassol.png","customPermalinks":true,"isUserRegistered":false,"autoSuggestKeywords":false,"connectSiteUrl":"https:\/\/rankmath.com\/auth?site=https%3A%2F%2Fcarfylimassol.com%2Fsv%2F&r=https%3A%2F%2Fcarfylimassol.com%2Fsv%2Fwp-json%2Fwp%2Fv2%2Fpages%2F822%3Fnonce%3Da71822d93f","maxTags":5,"trendsIcon":"<svg viewBox=\"0 0 610 610\"><path d=\"M18.85,446,174.32,290.48l58.08,58.08L76.93,504a14.54,14.54,0,0,1-20.55,0L18.83,466.48a14.54,14.54,0,0,1,0-20.55Z\" style=\"fill:#4285f4\"\/><path d=\"M242.65,242.66,377.59,377.6l-47.75,47.75a14.54,14.54,0,0,1-20.55,0L174.37,290.43l47.75-47.75A14.52,14.52,0,0,1,242.65,242.66Z\" style=\"fill:#ea4335\"\/><polygon points=\"319.53 319.53 479.26 159.8 537.34 217.88 377.61 377.62 319.53 319.53\" style=\"fill:#fabb05\"\/><path d=\"M594.26,262.73V118.61h0a16.94,16.94,0,0,0-16.94-16.94H433.2a16.94,16.94,0,0,0-12,28.92L565.34,274.71h0a16.94,16.94,0,0,0,28.92-12Z\" style=\"fill:#34a853\"\/><rect width=\"610\" height=\"610\" style=\"fill:none\"\/><\/svg>","showScore":true,"siteFavIcon":"https:\/\/carfylimassol.com\/wp-content\/uploads\/2025\/07\/favicon-150x150.png","canUser":{"general":false,"advanced":false,"snippet":false,"social":false,"analysis":false,"analytics":false,"content_ai":false},"showKeywordIntent":true,"isPro":false,"is_front_page":false,"trendsUpgradeLink":"https:\/\/rankmath.com\/pricing\/?utm_source=Plugin&utm_medium=CE%20General%20Tab%20Trends&utm_campaign=WP","trendsUpgradeLabel":"Uppgradera","trendsPreviewImage":"https:\/\/carfylimassol.com\/wp-content\/plugins\/seo-by-rank-math\/assets\/admin\/img\/trends-preview.jpg","currentEditor":false,"homepageData":{"assessor":{"powerWords":["akta","ansedd","ansett","ansedda","attraktiv","attraktivare","attraktivast","attraktivt","banbrytande","belaten","bel\u00e5ten","bel\u00e5tnare","bel\u00e5tnast","bel\u00e5tet","beromd","ber\u00f6md","ber\u00f6mda","ber\u00f6mdare","ber\u00f6mdast","ber\u00f6mt","betydelsefull","betydelsefullare","betydelsefullast","betydelsefullt","bevisad","bevisa","bevisade","bevisar","bevisat","blandande","blanda","blandar","blandade","blandat","briljant","briljantare","briljantast","effektiv","effektivare","effektivast","effektivt","eftertraktad","eftertraktade","eftertraktar","eftertraktat","elegant","elegantare","elegantast","enastaende","enast\u00e5ende","energisk","energiskare","energiskt","exklusiv","exklusivare","exklusivast","exklusivt","fangslande","fantastisk","fantastiska","fantastiskt","fint","fin","finare","finast","finaste","framgangsrik","framg\u00e5ngsrik","framg\u00e5ngsrikare","framg\u00e5ngsrikast","framg\u00e5ngsrikt","fullandad","full\u00e4ndad","full\u00e4ndade","full\u00e4ndat","fullgora","fullgjorda","fullgjorde","fullgjort","f\u00e4ngslande","f\u00e4ngslad","f\u00e4ngslade","f\u00e4ngslat","f\u00e4ngslar","f\u00f6r\u00e4ndra","f\u00f6r\u00e4ndrat","f\u00f6rtr\u00e4fflig","f\u00f6rtr\u00e4ffligare","f\u00f6rtr\u00e4ffligast","f\u00f6rtr\u00e4ffligt","glansande","gl\u00e4nsa","gl\u00e4nsande","gl\u00e4nste","gl\u00e4nst","glomd","gl\u00f6mda","gl\u00f6mde","gl\u00f6mma","gl\u00f6mmer","gl\u00f6mt","hyllad","hyllade","hyllar","hyllat","imponerande","imponerad","imponerade","imponerar","imponerat","inspirerad","inspirerande","inspirerar","inspirerade","inspirerat","kand","k\u00e4nd","k\u00e4nda","k\u00e4ndare","k\u00e4ndast","k\u00e4nt","kraftfull","kraftfullare","kraftfullast","kraftfullt","kraftig","kraftigare","kraftigast","kraftigaste","kreativ","kreativare","kreativast","kreativt","langtan","legendarisk","legendariska","legendariskt","lidelsefull","lidelsefulla","lidelsefullare","lidelsefullast","lidelsefullt","livlig","livligare","livligast","livligt","l\u00e4ngtan","lysande","lyser","lyste","maktig","m\u00e4ktig","m\u00e4ktigare","m\u00e4ktigast","m\u00e4ktigt","minnesvard","minnesv\u00e4rd","minnesv\u00e4rda","minnesv\u00e4rt","oerhord","oerh\u00f6rd","oerh\u00f6rdare","oerh\u00f6rdast","oerh\u00f6rt","oforglomlig","of\u00f6rgl\u00f6mlig","of\u00f6rgl\u00f6mligare","of\u00f6rgl\u00f6mligast","of\u00f6rgl\u00f6mligt","omtycka","omtycker","omtyckte","omtyckt","omtyckta","ondskefull","ondskefullt","ondska","onskan","otroligare","otrolig","otroligast","otroligt","palitlig","passion","passionerad","passionerade","passionerat","praktfull","praktfullare","praktfullast","praktfullt","pris","prisa","prisade","prisar","prisa","prisar","prisat","professionell","professionella","professionellt","p\u00e5litlig","p\u00e5litligare","p\u00e5litligast","p\u00e5litligt","renommerad","renommerade","renommerat","revolution","revolutionera","saker","s\u00e4ker","s\u00e4krare","s\u00e4krast","s\u00e4kert","sallsynt","s\u00e4llsynt","s\u00e4llsyntare","s\u00e4llsyntast","s\u00e4llsynthet","sensationell","sensationellare","sensationellast","sensationellt","skapad","skapade","skapande","skapar","skapat","sofistikerad","sofistikerade","sofistikerat","speciell","speciellare","speciellast","speciella","speciellt","stark","starkare","starkast","starkt","storslagen","storslagna","storslaget","stralande","str\u00e5la","str\u00e5lade","str\u00e5lar","str\u00e5lat","str\u00e5lande","tillfredstalld","tillfredsst\u00e4lld","tillfredsst\u00e4llda","tillfredsst\u00e4llde","tillfredsst\u00e4ller","tillfredsst\u00e4lla","tillfredsst\u00e4llt","trygg","tryggare","tryggast","tryggt","underbar","underbarare","underbarast","underbart","ungdomlig","ungdomligare","ungdomligast","ungdomligt","uppfylla","uppfylld","uppfyller","uppfyllt","uppriktig","uppriktigare","uppriktigast","uppriktigt","utmarkt","utm\u00e4rka","utm\u00e4rkt","utm\u00e4rktast","utm\u00e4rker","utm\u00e4rkte","utstralad","utstr\u00e5lade","utstr\u00e5lar","utstr\u00e5lat","utstr\u00e5lande","vasentlig","v\u00e4sentlig","v\u00e4sentligare","v\u00e4sentligast","v\u00e4sentligt","viktig","viktigare","viktigast","viktigt","\u00e4kta","\u00e4ktare","\u00e4ktast","\u00e4ktaste","\u00f6nskad","\u00f6nska","\u00f6nskan","\u00f6verl\u00e4gsen","\u00f6verl\u00e4gsnare","\u00f6verl\u00e4gsnast","\u00f6verl\u00e4gset"],"diacritics":true,"researchesTests":["contentHasTOC","contentHasShortParagraphs","contentHasAssets","keywordInTitle","keywordInMetaDescription","keywordInPermalink","keywordIn10Percent","keywordInContent","keywordInSubheadings","keywordInImageAlt","keywordDensity","keywordNotUsed","lengthContent","lengthPermalink","linksHasInternal","linksHasExternals","linksNotAllExternals","titleStartWithKeyword","titleSentiment","titleHasPowerWords","titleHasNumber","hasContentAI"],"hasBreadcrumb":false,"serpData":{"title":"%sitename% %page% %sep% %sitedesc%","description":"","titleTemplate":"%sitename% %page% %sep% %sitedesc%","descriptionTemplate":"","focusKeywords":"","breadcrumbTitle":"Home","robots":{"index":true},"advancedRobots":{"max-snippet":"-1","max-video-preview":"-1","max-image-preview":"large"},"facebookTitle":"","facebookDescription":"","facebookImage":"","facebookImageID":""}}},"tocTitle":"Table of Contents","tocExcludeHeadings":[],"listStyle":"ul"},"_links":{"self":[{"href":"https:\/\/carfylimassol.com\/sv\/wp-json\/wp\/v2\/pages\/822","targetHints":{"allow":["GET"]}}],"collection":[{"href":"https:\/\/carfylimassol.com\/sv\/wp-json\/wp\/v2\/pages"}],"about":[{"href":"https:\/\/carfylimassol.com\/sv\/wp-json\/wp\/v2\/types\/page"}],"author":[{"embeddable":true,"href":"https:\/\/carfylimassol.com\/sv\/wp-json\/wp\/v2\/users\/2"}],"replies":[{"embeddable":true,"href":"https:\/\/carfylimassol.com\/sv\/wp-json\/wp\/v2\/comments?post=822"}],"version-history":[{"count":2,"href":"https:\/\/carfylimassol.com\/sv\/wp-json\/wp\/v2\/pages\/822\/revisions"}],"predecessor-version":[{"id":827,"href":"https:\/\/carfylimassol.com\/sv\/wp-json\/wp\/v2\/pages\/822\/revisions\/827"}],"wp:attachment":[{"href":"https:\/\/carfylimassol.com\/sv\/wp-json\/wp\/v2\/media?parent=822"}],"curies":[{"name":"wp","href":"https:\/\/api.w.org\/{rel}","templated":true}]}}