{"id":870,"date":"2025-07-16T14:58:23","date_gmt":"2025-07-16T13:58:23","guid":{"rendered":"https:\/\/carfylimassol.com\/?page_id=870"},"modified":"2025-07-21T07:35:13","modified_gmt":"2025-07-21T06:35:13","slug":"pozicovna-aut-limassol-bez-zalohy-bez-kreditnej-karty","status":"publish","type":"page","link":"https:\/\/carfylimassol.com\/sk\/","title":{"rendered":"Po\u017ei\u010dov\u0148a \u00c1ut Limassol &#8211; Bez z\u00e1lohy | Bez kreditnej karty"},"content":{"rendered":"<h2>Po\u017ei\u010dov\u0148a \u00c1ut Limassol cez CarFy Limassol<\/h2>\n<p>\u010c\u00edm sa l\u00ed\u0161i sk\u00fasen\u00fd cestovate\u013e od nesk\u00fasen\u00e9ho? Mo\u017eno je to schopnos\u0165 predv\u00edda\u0165 cel\u00fa cestu vopred a premyslie\u0165 aj tie najmen\u0161ie detaily. Samozrejme, pren\u00e1jom auta v Limassole je hlavn\u00fdm pomocn\u00edkom, ktor\u00fd v\u00e1m s t\u00fdmito detailmi pom\u00f4\u017ee:<\/p>\n<ul>\n<li>Pohodln\u00fd pohyb po meste za n\u00edzku cenu<\/li>\n<li>Mo\u017enos\u0165 nav\u0161t\u00edvi\u0165 najvzdialenej\u0161ie atrakcie<\/li>\n<li>Denn\u00e9 \u00falohy<\/li>\n<li>\u00dapln\u00e1 sloboda pohybu.<\/li>\n<\/ul>\n<p>CarFy Limassol v\u00e1m pom\u00f4\u017ee vzia\u0165 si ak\u00e9ko\u013evek vozidlo, o ktorom ste mohli len sn\u00edva\u0165. N\u00e1jdite si to svoje a rezervujte si ho teraz, k\u00fdm je e\u0161te k dispoz\u00edcii.<\/p>\n<h2>Ako si prenaja\u0165 auto v Limassole?<\/h2>\n<p>Cyprus je ostrov, kde si m\u00f4\u017ee prenaja\u0165 auto v Limassole ka\u017ed\u00fd, komu sta\u010d\u00ed len nieko\u013eko \u0161tandardn\u00fdch dokumentov. Samozrejme, mus\u00edte si tu urobi\u0165 rezerv\u00e1ciu, ako aj nieko\u013eko pr\u00edpravn\u00fdch krokov.<\/p>\n<h3>1. Vyberte si typ<\/h3>\n<p>Vozidl\u00e1 sa zvy\u010dajne delia do nieko\u013ek\u00fdch kateg\u00f3ri\u00ed pod\u013ea tvaru, ceny a v\u00fdbavy:<\/p>\n<ul>\n<li>Ekonomick\u00e9 vozidl\u00e1<\/li>\n<li>Kompaktn\u00e9 vozidlo<\/li>\n<li>\u0160tandardn\u00fd automobil<\/li>\n<li>Mini vozidlo<\/li>\n<li>SUV<\/li>\n<li>Dod\u00e1vka alebo minivan<\/li>\n<li>Crossover<\/li>\n<li>Kabriolet<\/li>\n<li>Ostatn\u00e9.<\/li>\n<\/ul>\n<h3>2. Presk\u00famajte \u010fal\u0161ie funkcie<\/h3>\n<p>Jedin\u00fd sp\u00f4sob, ako prida\u0165 \u010fal\u0161ie slu\u017eby, je urobi\u0165 to vo f\u00e1ze rezerv\u00e1cie. Preto je lep\u0161ie n\u00e1js\u0165 tie, ktor\u00e9 potrebujete, hne\u010f:<\/p>\n<ul>\n<li>Neobmedzen\u00fd po\u010det kilometrov: S t\u00fdmto doplnkom sa m\u00f4\u017eete vyda\u0165 na ve\u013ek\u00e9 dobrodru\u017estvo.<\/li>\n<li>Doplnkov\u00e9 poistenie: Super CDW alebo Full Coverage s\u00fa najlep\u0161ie mo\u017enosti roz\u0161\u00edrenia.<\/li>\n<li>Bezplatn\u00e9 storno: Funkcia s pr\u00e1vom zru\u0161i\u0165 pren\u00e1jom a\u017e 48 hod\u00edn pred a neplati\u0165 prov\u00edziu.<\/li>\n<li>Garantovan\u00fd model: V pr\u00edpade, \u017ee sa vozidlo nach\u00e1dza v bl\u00edzkosti vozidla, m\u00f4\u017eete si ho prenaja\u0165: Prevezmete si rovnak\u00e9 vozidlo, ak\u00e9 ste chceli, bez v\u00fdnimiek.<\/li>\n<li>SIM karta: V pr\u00edpade, \u017ee si chcete prenaja\u0165 vozidlo, m\u00f4\u017eete si ho prenaja\u0165 aj na SIM kartu: Nepla\u0165te drah\u00fd roaming, vezmite si miestnu sie\u0165 za dobr\u00fa cenu.<\/li>\n<li>Detsk\u00e1 seda\u010dka: Bez nej nem\u00f4\u017eete prepravova\u0165 die\u0165a (mlad\u0161ie ako 12 rokov).<\/li>\n<li>Bez kreditnej karty: To je pravdepodobne najlep\u0161ia mo\u017enos\u0165 lacn\u00e9ho pren\u00e1jmu auta v Limassole.<\/li>\n<li>\u010eal\u0161\u00ed vodi\u010d: V pr\u00edpade, \u017ee si chcete k\u00fapi\u0165 auto, m\u00f4\u017eete si ho k\u00fapi\u0165 v meste Limassons: Vezmite si ju, aby ste mohli necha\u0165 \u0161of\u00e9rova\u0165 svojho priate\u013ea.<\/li>\n<li>\u017diadna z\u00e1loha: Kreditn\u00e9 karty: Bez blokovania z\u00e1lohy sa z v\u00e1\u0161ho vrecka vytiahne menej pe\u0148az\u00ed.<\/li>\n<li>Prevodovka: M\u00f4\u017ee by\u0165 manu\u00e1lna alebo automatick\u00e1 (t\u00e1 najlep\u0161ia).<\/li>\n<\/ul>\n<blockquote class=\"check\">\n<h3>Tu je n\u00e1vod na rezerv\u00e1ciu na CarFy Limassol<\/h3>\n<ol>\n<li>Zadajte d\u00e1tumy a miesto vyzdvihnutia.<\/li>\n<li>Kliknite na vyh\u013ead\u00e1vacie filtre a pridajte niektor\u00e9, ktor\u00e9 pova\u017eujete za d\u00f4le\u017eit\u00e9.<\/li>\n<li>Z\u00edskajte zoznam a rezervujte.<\/li>\n<li>Pridajte podrobnosti.<\/li>\n<li>skontrolujte pr\u00edplatky.<\/li>\n<li>Potvr\u010fte.<\/li>\n<\/ol>\n<p>Potvrdenie m\u00f4\u017eete vykona\u0165 akouko\u013evek kartou (debetnou alebo kreditnou). Vy\u017eaduje v\u0161ak a\u017e 20 % sumy (alebo m\u00f4\u017eete zaplati\u0165 cel\u00fa cenu).<\/p><\/blockquote>\n<h2>Po\u017ei\u010dov\u0148a \u00c1ut Limassol Cena<\/h2>\n<p>N\u00e1js\u0165 dobr\u00fa cenu v mest\u00e1ch na Cypre nie je \u0165a\u017ek\u00e1 \u00faloha, preto\u017ee pren\u00e1jom auta v Limassole je pomerne lacn\u00fd:<\/p>\n<ul>\n<li>\u20ac 15-25<\/li>\n<li>Standard alebo Compact &#8211; 25-35 \u20ac<\/li>\n<li>Crossover, minivan alebo SUV &#8211; 40-60 \u20ac<\/li>\n<li>Luxusn\u00e9 &#8211; od 80 \u20ac<\/li>\n<\/ul>\n<p>Hoci s\u00fa priemern\u00e9 ceny pomerne n\u00edzke, m\u00f4\u017eu sa l\u00ed\u0161i\u0165 o 20 % alebo dokonca 60 % v z\u00e1vislosti od:<\/p>\n<ul>\n<li>D\u0148a v t\u00fd\u017edni<\/li>\n<li>sez\u00f3ny a pre\u0165a\u017eenia trhu<\/li>\n<li>typu vozidla<\/li>\n<li>Dlhodob\u00e9ho alebo kr\u00e1tkodob\u00e9ho pren\u00e1jmu vozidla.<\/li>\n<\/ul>\n<p>Viac inform\u00e1ci\u00ed n\u00e1jdete v tabu\u013eke porovnania cien:<\/p>\n<h3>Tabu\u013eka s cenami za pren\u00e1jom auta bez kaucie a kreditnej karty v Limassol, Cyprus<\/h3>\n<table border=\"1\">\n<thead>\n<tr>\n<th>Kateg\u00f3ria vozidla<\/th>\n<th>Model<\/th>\n<th>Po\u010det cestuj\u00facich<\/th>\n<th>Bato\u017eina<\/th>\n<th>Denn\u00e1 cena (mimo sez\u00f3ny)<\/th>\n<th>Denn\u00e1 cena (hlavn\u00e1 sez\u00f3na)<\/th>\n<\/tr>\n<\/thead>\n<tbody>\n<tr>\n<td>Economy<\/td>\n<td>Hyundai i10<\/td>\n<td>4<\/td>\n<td>2 mal\u00e9<\/td>\n<td>\u20ac20-24<\/td>\n<td>\u20ac32-38<\/td>\n<\/tr>\n<tr>\n<td>Economy<\/td>\n<td>Kia Picanto<\/td>\n<td>4<\/td>\n<td>1 ve\u013ek\u00e9, 1 mal\u00e9<\/td>\n<td>\u20ac21-26<\/td>\n<td>\u20ac34-40<\/td>\n<\/tr>\n<tr>\n<td>Kompaktn\u00e9<\/td>\n<td>Ford Fiesta<\/td>\n<td>5<\/td>\n<td>2 ve\u013ek\u00e9<\/td>\n<td>\u20ac25-30<\/td>\n<td>\u20ac38-45<\/td>\n<\/tr>\n<tr>\n<td>Kompaktn\u00e9<\/td>\n<td>Volkswagen Polo<\/td>\n<td>5<\/td>\n<td>2 ve\u013ek\u00e9, 1 mal\u00e9<\/td>\n<td>\u20ac26-32<\/td>\n<td>\u20ac40-48<\/td>\n<\/tr>\n<tr>\n<td>SUV<\/td>\n<td>Nissan Juke<\/td>\n<td>5<\/td>\n<td>3 ve\u013ek\u00e9<\/td>\n<td>\u20ac35-42<\/td>\n<td>\u20ac55-65<\/td>\n<\/tr>\n<tr>\n<td>SUV<\/td>\n<td>Hyundai Tucson<\/td>\n<td>5<\/td>\n<td>3 ve\u013ek\u00e9, 1 mal\u00fd<\/td>\n<td>\u20ac40-48<\/td>\n<td>\u20ac60-75<\/td>\n<\/tr>\n<tr>\n<td>Kabriolet<\/td>\n<td>Fiat 500 Cabrio<\/td>\n<td>4<\/td>\n<td>1 ve\u013ek\u00fd, 1 mal\u00fd<\/td>\n<td>\u20ac38-45<\/td>\n<td>\u20ac60-70<\/td>\n<\/tr>\n<tr>\n<td>Premium<\/td>\n<td>BMW radu 3<\/td>\n<td>5<\/td>\n<td>3 ve\u013ek\u00e9<\/td>\n<td>\u20ac60-75<\/td>\n<td>\u20ac90-110<\/td>\n<\/tr>\n<\/tbody>\n<\/table>\n<p>[CENOV\u00dd MODUL]<\/p>\n<h2>Pren\u00e1jom auta v Limassole: Dokumenty<\/h2>\n<p>Sta\u010dia v\u00e1m tri doklady a m\u00f4\u017eete si v po\u017ei\u010dovni vyzdvihn\u00fa\u0165 takmer ak\u00e9ko\u013evek vozidlo:<\/p>\n<ol>\n<li>V pr\u00edpade, \u017ee potrebujete viac inform\u00e1ci\u00ed, m\u00f4\u017eete si vy\u017eiada\u0165: Pas<\/li>\n<li>Vodi\u010dsk\u00fd preukaz<\/li>\n<li>Potvrdenie rezerv\u00e1cie alebo poukaz.<\/li>\n<\/ol>\n<p>Kreditn\u00e1 karta sa nevy\u017eaduje v\u017edy, ale ak ju nem\u00e1te, m\u00f4\u017eete pou\u017ei\u0165 vyh\u013ead\u00e1vacie filtre.<\/p>\n","protected":false},"excerpt":{"rendered":"<p>Po\u017ei\u010dov\u0148a \u00c1ut Limassol cez CarFy Limassol \u010c\u00edm sa l\u00ed\u0161i sk\u00fasen\u00fd cestovate\u013e od nesk\u00fasen\u00e9ho? Mo\u017eno je to schopnos\u0165 predv\u00edda\u0165 cel\u00fa cestu vopred a premyslie\u0165 aj tie najmen\u0161ie detaily. Samozrejme, pren\u00e1jom auta v Limassole je hlavn\u00fdm pomocn\u00edkom, ktor\u00fd v\u00e1m s t\u00fdmito detailmi pom\u00f4\u017ee: Pohodln\u00fd pohyb po meste za n\u00edzku cenu Mo\u017enos\u0165 nav\u0161t\u00edvi\u0165 najvzdialenej\u0161ie atrakcie Denn\u00e9 \u00falohy \u00dapln\u00e1 [&hellip;]<\/p>\n","protected":false},"author":1,"featured_media":145,"parent":0,"menu_order":0,"comment_status":"closed","ping_status":"closed","template":"","meta":{"_glsr_average":0,"_glsr_ranking":0,"_glsr_reviews":0,"footnotes":""},"class_list":["post-870","page","type-page","status-publish","has-post-thumbnail",""],"rankMath":{"parentDomain":"carfylimassol.com","noFollowDomains":[],"noFollowExcludeDomains":[],"noFollowExternalLinks":true,"featuredImageNotice":"The featured image should be at least 200 by 200 pixels to be picked up by Facebook and other social media sites.","pluginReviewed":false,"postSettings":{"linkSuggestions":true,"useFocusKeyword":false},"frontEndScore":false,"postName":"pozicovna-aut-limassol-bez-zalohy-bez-kreditnej-karty","permalinkFormat":"https:\/\/carfylimassol.com\/sk\/","showLockModifiedDate":true,"assessor":{"focusKeywordLink":"https:\/\/carfylimassol.com\/wp-admin\/edit.php?focus_keyword=%focus_keyword%&post_type=%post_type%","hasTOCPlugin":false,"primaryTaxonomy":false,"serpData":{"title":"","description":"Lacn\u00fd po\u017ei\u010dov\u0148a \u00c1ut Limassol, Cyprus od CarFy \u2714 Nevy\u017eaduje sa \u017eiadna kaucia \u2714 Bez kreditnej karty \u2714 Bezplatn\u00e9 zru\u0161enie. Dovoz auta na letisko","focusKeywords":"Po\u017ei\u010dov\u0148a \u00c1ut Limassol","pillarContent":false,"canonicalUrl":"","breadcrumbTitle":"","advancedRobots":{"max-snippet":"-1","max-video-preview":"-1","max-image-preview":"large"},"facebookTitle":"","facebookDescription":"","facebookImage":"","facebookImageID":"","facebookHasOverlay":false,"facebookImageOverlay":"","facebookAuthor":"","twitterCardType":"","twitterUseFacebook":true,"twitterTitle":"","twitterDescription":"","twitterImage":"","twitterImageID":"","twitterHasOverlay":false,"twitterImageOverlay":"","twitterPlayerUrl":"","twitterPlayerSize":"","twitterPlayerStream":"","twitterPlayerStreamCtype":"","twitterAppDescription":"","twitterAppIphoneName":"","twitterAppIphoneID":"","twitterAppIphoneUrl":"","twitterAppIpadName":"","twitterAppIpadID":"","twitterAppIpadUrl":"","twitterAppGoogleplayName":"","twitterAppGoogleplayID":"","twitterAppGoogleplayUrl":"","twitterAppCountry":"","robots":{"index":true},"twitterAuthor":"username","primaryTerm":0,"authorName":"CarFy Limassol","titleTemplate":"%title% %sep% %sitename%","descriptionTemplate":"%excerpt%","showScoreFrontend":true,"lockModifiedDate":false},"powerWords":[],"diacritics":{"A":"[\\u0041\\u24B6\\uFF21\\u00C0\\u00C1\\u00C2\\u1EA6\\u1EA4\\u1EAA\\u1EA8\\u00C3\\u0100\\u0102\\u1EB0\\u1EAE\\u1EB4\\u1EB2\\u0226\\u01E0\\u00C4\\u01DE\\u1EA2\\u00C5\\u01FA\\u01CD\\u0200\\u0202\\u1EA0\\u1EAC\\u1EB6\\u1E00\\u0104\\u023A\\u2C6F]","AA":"[\\uA732]","AE":"[\\u00C6\\u01FC\\u01E2]","AO":"[\\uA734]","AU":"[\\uA736]","AV":"[\\uA738\\uA73A]","AY":"[\\uA73C]","B":"[\\u0042\\u24B7\\uFF22\\u1E02\\u1E04\\u1E06\\u0243\\u0182\\u0181]","C":"[\\u0043\\u24B8\\uFF23\\u0106\\u0108\\u010A\\u010C\\u00C7\\u1E08\\u0187\\u023B\\uA73E]","D":"[\\u0044\\u24B9\\uFF24\\u1E0A\\u010E\\u1E0C\\u1E10\\u1E12\\u1E0E\\u0110\\u018B\\u018A\\u0189\\uA779]","DZ":"[\\u01F1\\u01C4]","Dz":"[\\u01F2\\u01C5]","E":"[\\u0045\\u24BA\\uFF25\\u00C8\\u00C9\\u00CA\\u1EC0\\u1EBE\\u1EC4\\u1EC2\\u1EBC\\u0112\\u1E14\\u1E16\\u0114\\u0116\\u00CB\\u1EBA\\u011A\\u0204\\u0206\\u1EB8\\u1EC6\\u0228\\u1E1C\\u0118\\u1E18\\u1E1A\\u0190\\u018E]","F":"[\\u0046\\u24BB\\uFF26\\u1E1E\\u0191\\uA77B]","G":"[\\u0047\\u24BC\\uFF27\\u01F4\\u011C\\u1E20\\u011E\\u0120\\u01E6\\u0122\\u01E4\\u0193\\uA7A0\\uA77D\\uA77E]","H":"[\\u0048\\u24BD\\uFF28\\u0124\\u1E22\\u1E26\\u021E\\u1E24\\u1E28\\u1E2A\\u0126\\u2C67\\u2C75\\uA78D]","I":"[\\u0049\\u24BE\\uFF29\\u00CC\\u00CD\\u00CE\\u0128\\u012A\\u012C\\u0130\\u00CF\\u1E2E\\u1EC8\\u01CF\\u0208\\u020A\\u1ECA\\u012E\\u1E2C\\u0197]","J":"[\\u004A\\u24BF\\uFF2A\\u0134\\u0248]","K":"[\\u004B\\u24C0\\uFF2B\\u1E30\\u01E8\\u1E32\\u0136\\u1E34\\u0198\\u2C69\\uA740\\uA742\\uA744\\uA7A2]","L":"[\\u004C\\u24C1\\uFF2C\\u013F\\u0139\\u013D\\u1E36\\u1E38\\u013B\\u1E3C\\u1E3A\\u0141\\u023D\\u2C62\\u2C60\\uA748\\uA746\\uA780]","LJ":"[\\u01C7]","Lj":"[\\u01C8]","M":"[\\u004D\\u24C2\\uFF2D\\u1E3E\\u1E40\\u1E42\\u2C6E\\u019C]","N":"[\\u004E\\u24C3\\uFF2E\\u01F8\\u0143\\u00D1\\u1E44\\u0147\\u1E46\\u0145\\u1E4A\\u1E48\\u0220\\u019D\\uA790\\uA7A4]","NJ":"[\\u01CA]","Nj":"[\\u01CB]","O":"[\\u004F\\u24C4\\uFF2F\\u00D2\\u00D3\\u00D4\\u1ED2\\u1ED0\\u1ED6\\u1ED4\\u00D5\\u1E4C\\u022C\\u1E4E\\u014C\\u1E50\\u1E52\\u014E\\u022E\\u0230\\u00D6\\u022A\\u1ECE\\u0150\\u01D1\\u020C\\u020E\\u01A0\\u1EDC\\u1EDA\\u1EE0\\u1EDE\\u1EE2\\u1ECC\\u1ED8\\u01EA\\u01EC\\u00D8\\u01FE\\u0186\\u019F\\uA74A\\uA74C]","OI":"[\\u01A2]","OO":"[\\uA74E]","OU":"[\\u0222]","P":"[\\u0050\\u24C5\\uFF30\\u1E54\\u1E56\\u01A4\\u2C63\\uA750\\uA752\\uA754]","Q":"[\\u0051\\u24C6\\uFF31\\uA756\\uA758\\u024A]","R":"[\\u0052\\u24C7\\uFF32\\u0154\\u1E58\\u0158\\u0210\\u0212\\u1E5A\\u1E5C\\u0156\\u1E5E\\u024C\\u2C64\\uA75A\\uA7A6\\uA782]","S":"[\\u0053\\u24C8\\uFF33\\u1E9E\\u015A\\u1E64\\u015C\\u1E60\\u0160\\u1E66\\u1E62\\u1E68\\u0218\\u015E\\u2C7E\\uA7A8\\uA784]","T":"[\\u0054\\u24C9\\uFF34\\u1E6A\\u0164\\u1E6C\\u021A\\u0162\\u1E70\\u1E6E\\u0166\\u01AC\\u01AE\\u023E\\uA786]","TZ":"[\\uA728]","U":"[\\u0055\\u24CA\\uFF35\\u00D9\\u00DA\\u00DB\\u0168\\u1E78\\u016A\\u1E7A\\u016C\\u00DC\\u01DB\\u01D7\\u01D5\\u01D9\\u1EE6\\u016E\\u0170\\u01D3\\u0214\\u0216\\u01AF\\u1EEA\\u1EE8\\u1EEE\\u1EEC\\u1EF0\\u1EE4\\u1E72\\u0172\\u1E76\\u1E74\\u0244]","V":"[\\u0056\\u24CB\\uFF36\\u1E7C\\u1E7E\\u01B2\\uA75E\\u0245]","VY":"[\\uA760]","W":"[\\u0057\\u24CC\\uFF37\\u1E80\\u1E82\\u0174\\u1E86\\u1E84\\u1E88\\u2C72]","X":"[\\u0058\\u24CD\\uFF38\\u1E8A\\u1E8C]","Y":"[\\u0059\\u24CE\\uFF39\\u1EF2\\u00DD\\u0176\\u1EF8\\u0232\\u1E8E\\u0178\\u1EF6\\u1EF4\\u01B3\\u024E\\u1EFE]","Z":"[\\u005A\\u24CF\\uFF3A\\u0179\\u1E90\\u017B\\u017D\\u1E92\\u1E94\\u01B5\\u0224\\u2C7F\\u2C6B\\uA762]","a":"[\\u0061\\u24D0\\uFF41\\u1E9A\\u00E0\\u00E1\\u00E2\\u1EA7\\u1EA5\\u1EAB\\u1EA9\\u00E3\\u0101\\u0103\\u1EB1\\u1EAF\\u1EB5\\u1EB3\\u0227\\u01E1\\u00E4\\u01DF\\u1EA3\\u00E5\\u01FB\\u01CE\\u0201\\u0203\\u1EA1\\u1EAD\\u1EB7\\u1E01\\u0105\\u2C65\\u0250]","aa":"[\\uA733]","ae":"[\\u00E6\\u01FD\\u01E3]","ao":"[\\uA735]","au":"[\\uA737]","av":"[\\uA739\\uA73B]","ay":"[\\uA73D]","b":"[\\u0062\\u24D1\\uFF42\\u1E03\\u1E05\\u1E07\\u0180\\u0183\\u0253]","c":"[\\u0063\\u24D2\\uFF43\\u0107\\u0109\\u010B\\u010D\\u00E7\\u1E09\\u0188\\u023C\\uA73F\\u2184]","d":"[\\u0064\\u24D3\\uFF44\\u1E0B\\u010F\\u1E0D\\u1E11\\u1E13\\u1E0F\\u0111\\u018C\\u0256\\u0257\\uA77A]","dz":"[\\u01F3\\u01C6]","e":"[\\u0065\\u24D4\\uFF45\\u00E8\\u00E9\\u00EA\\u1EC1\\u1EBF\\u1EC5\\u1EC3\\u1EBD\\u0113\\u1E15\\u1E17\\u0115\\u0117\\u00EB\\u1EBB\\u011B\\u0205\\u0207\\u1EB9\\u1EC7\\u0229\\u1E1D\\u0119\\u1E19\\u1E1B\\u0247\\u025B\\u01DD]","f":"[\\u0066\\u24D5\\uFF46\\u1E1F\\u0192\\uA77C]","g":"[\\u0067\\u24D6\\uFF47\\u01F5\\u011D\\u1E21\\u011F\\u0121\\u01E7\\u0123\\u01E5\\u0260\\uA7A1\\u1D79\\uA77F]","h":"[\\u0068\\u24D7\\uFF48\\u0125\\u1E23\\u1E27\\u021F\\u1E25\\u1E29\\u1E2B\\u1E96\\u0127\\u2C68\\u2C76\\u0265]","hv":"[\\u0195]","i":"[\\u0069\\u24D8\\uFF49\\u00EC\\u00ED\\u00EE\\u0129\\u012B\\u012D\\u00EF\\u1E2F\\u1EC9\\u01D0\\u0209\\u020B\\u1ECB\\u012F\\u1E2D\\u0268\\u0131]","j":"[\\u006A\\u24D9\\uFF4A\\u0135\\u01F0\\u0249]","k":"[\\u006B\\u24DA\\uFF4B\\u1E31\\u01E9\\u1E33\\u0137\\u1E35\\u0199\\u2C6A\\uA741\\uA743\\uA745\\uA7A3]","l":"[\\u006C\\u24DB\\uFF4C\\u0140\\u013A\\u013E\\u1E37\\u1E39\\u013C\\u1E3D\\u1E3B\\u017F\\u0142\\u019A\\u026B\\u2C61\\uA749\\uA781\\uA747]","lj":"[\\u01C9]","m":"[\\u006D\\u24DC\\uFF4D\\u1E3F\\u1E41\\u1E43\\u0271\\u026F]","n":"[\\u006E\\u24DD\\uFF4E\\u01F9\\u0144\\u00F1\\u1E45\\u0148\\u1E47\\u0146\\u1E4B\\u1E49\\u019E\\u0272\\u0149\\uA791\\uA7A5]","nj":"[\\u01CC]","o":"[\\u006F\\u24DE\\uFF4F\\u00F2\\u00F3\\u00F4\\u1ED3\\u1ED1\\u1ED7\\u1ED5\\u00F5\\u1E4D\\u022D\\u1E4F\\u014D\\u1E51\\u1E53\\u014F\\u022F\\u0231\\u00F6\\u022B\\u1ECF\\u0151\\u01D2\\u020D\\u020F\\u01A1\\u1EDD\\u1EDB\\u1EE1\\u1EDF\\u1EE3\\u1ECD\\u1ED9\\u01EB\\u01ED\\u00F8\\u01FF\\u0254\\uA74B\\uA74D\\u0275]","oi":"[\\u01A3]","ou":"[\\u0223]","oo":"[\\uA74F]","p":"[\\u0070\\u24DF\\uFF50\\u1E55\\u1E57\\u01A5\\u1D7D\\uA751\\uA753\\uA755]","q":"[\\u0071\\u24E0\\uFF51\\u024B\\uA757\\uA759]","r":"[\\u0072\\u24E1\\uFF52\\u0155\\u1E59\\u0159\\u0211\\u0213\\u1E5B\\u1E5D\\u0157\\u1E5F\\u024D\\u027D\\uA75B\\uA7A7\\uA783]","s":"[\\u0073\\u24E2\\uFF53\\u015B\\u1E65\\u015D\\u1E61\\u0161\\u1E67\\u1E63\\u1E69\\u0219\\u015F\\u023F\\uA7A9\\uA785\\u1E9B]","ss":"[\\u00DF]","t":"[\\u0074\\u24E3\\uFF54\\u1E6B\\u1E97\\u0165\\u1E6D\\u021B\\u0163\\u1E71\\u1E6F\\u0167\\u01AD\\u0288\\u2C66\\uA787]","tz":"[\\uA729]","u":"[\\u0075\\u24E4\\uFF55\\u00F9\\u00FA\\u00FB\\u0169\\u1E79\\u016B\\u1E7B\\u016D\\u00FC\\u01DC\\u01D8\\u01D6\\u01DA\\u1EE7\\u016F\\u0171\\u01D4\\u0215\\u0217\\u01B0\\u1EEB\\u1EE9\\u1EEF\\u1EED\\u1EF1\\u1EE5\\u1E73\\u0173\\u1E77\\u1E75\\u0289]","v":"[\\u0076\\u24E5\\uFF56\\u1E7D\\u1E7F\\u028B\\uA75F\\u028C]","vy":"[\\uA761]","w":"[\\u0077\\u24E6\\uFF57\\u1E81\\u1E83\\u0175\\u1E87\\u1E85\\u1E98\\u1E89\\u2C73]","x":"[\\u0078\\u24E7\\uFF58\\u1E8B\\u1E8D]","y":"[\\u0079\\u24E8\\uFF59\\u1EF3\\u00FD\\u0177\\u1EF9\\u0233\\u1E8F\\u00FF\\u1EF7\\u1E99\\u1EF5\\u01B4\\u024F\\u1EFF]","z":"[\\u007A\\u24E9\\uFF5A\\u017A\\u1E91\\u017C\\u017E\\u1E93\\u1E95\\u01B6\\u0225\\u0240\\u2C6C\\uA763]"},"researchesTests":["contentHasTOC","contentHasShortParagraphs","contentHasAssets","keywordInTitle","keywordInMetaDescription","keywordInPermalink","keywordIn10Percent","keywordInContent","keywordInSubheadings","keywordInImageAlt","keywordDensity","keywordNotUsed","lengthContent","lengthPermalink","linksHasInternal","linksHasExternals","linksNotAllExternals","titleStartWithKeyword","titleSentiment","titleHasPowerWords","titleHasNumber","hasContentAI"],"hasRedirection":false,"hasBreadcrumb":false},"homeUrl":"https:\/\/carfylimassol.com\/sk\/","objectID":870,"objectType":"post","locale":"sk","localeFull":"sk_SK","overlayImages":{"play":{"name":"Play icon","url":"https:\/\/carfylimassol.com\/wp-content\/plugins\/seo-by-rank-math\/assets\/admin\/img\/icon-play.png","path":"\/var\/www\/carfylimassol\/carfylimassol.com\/wp-content\/plugins\/seo-by-rank-math\/assets\/admin\/img\/icon-play.png","position":"middle_center"},"gif":{"name":"GIF icon","url":"https:\/\/carfylimassol.com\/wp-content\/plugins\/seo-by-rank-math\/assets\/admin\/img\/icon-gif.png","path":"\/var\/www\/carfylimassol\/carfylimassol.com\/wp-content\/plugins\/seo-by-rank-math\/assets\/admin\/img\/icon-gif.png","position":"middle_center"}},"defautOgImage":"https:\/\/carfylimassol.com\/wp-content\/uploads\/2025\/07\/carfy-limassol.png","customPermalinks":true,"isUserRegistered":false,"autoSuggestKeywords":false,"connectSiteUrl":"https:\/\/rankmath.com\/auth?site=https%3A%2F%2Fcarfylimassol.com%2Fsk%2F&r=https%3A%2F%2Fcarfylimassol.com%2Fsk%2Fwp-json%2Fwp%2Fv2%2Fpages%2F870%3Fnonce%3D10ed3e74f8","maxTags":5,"trendsIcon":"<svg viewBox=\"0 0 610 610\"><path d=\"M18.85,446,174.32,290.48l58.08,58.08L76.93,504a14.54,14.54,0,0,1-20.55,0L18.83,466.48a14.54,14.54,0,0,1,0-20.55Z\" style=\"fill:#4285f4\"\/><path d=\"M242.65,242.66,377.59,377.6l-47.75,47.75a14.54,14.54,0,0,1-20.55,0L174.37,290.43l47.75-47.75A14.52,14.52,0,0,1,242.65,242.66Z\" style=\"fill:#ea4335\"\/><polygon points=\"319.53 319.53 479.26 159.8 537.34 217.88 377.61 377.62 319.53 319.53\" style=\"fill:#fabb05\"\/><path d=\"M594.26,262.73V118.61h0a16.94,16.94,0,0,0-16.94-16.94H433.2a16.94,16.94,0,0,0-12,28.92L565.34,274.71h0a16.94,16.94,0,0,0,28.92-12Z\" style=\"fill:#34a853\"\/><rect width=\"610\" height=\"610\" style=\"fill:none\"\/><\/svg>","showScore":true,"siteFavIcon":"https:\/\/carfylimassol.com\/wp-content\/uploads\/2025\/07\/favicon-150x150.png","canUser":{"general":false,"advanced":false,"snippet":false,"social":false,"analysis":false,"analytics":false,"content_ai":false},"showKeywordIntent":true,"isPro":false,"is_front_page":false,"trendsUpgradeLink":"https:\/\/rankmath.com\/pricing\/?utm_source=Plugin&utm_medium=CE%20General%20Tab%20Trends&utm_campaign=WP","trendsUpgradeLabel":"Upgrade","trendsPreviewImage":"https:\/\/carfylimassol.com\/wp-content\/plugins\/seo-by-rank-math\/assets\/admin\/img\/trends-preview.jpg","currentEditor":false,"homepageData":{"assessor":{"powerWords":[],"diacritics":true,"researchesTests":["contentHasTOC","contentHasShortParagraphs","contentHasAssets","keywordInTitle","keywordInMetaDescription","keywordInPermalink","keywordIn10Percent","keywordInContent","keywordInSubheadings","keywordInImageAlt","keywordDensity","keywordNotUsed","lengthContent","lengthPermalink","linksHasInternal","linksHasExternals","linksNotAllExternals","titleStartWithKeyword","titleSentiment","titleHasPowerWords","titleHasNumber","hasContentAI"],"hasBreadcrumb":false,"serpData":{"title":"%sitename% %page% %sep% %sitedesc%","description":"","titleTemplate":"%sitename% %page% %sep% %sitedesc%","descriptionTemplate":"","focusKeywords":"","breadcrumbTitle":"Home","robots":{"index":true},"advancedRobots":{"max-snippet":"-1","max-video-preview":"-1","max-image-preview":"large"},"facebookTitle":"","facebookDescription":"","facebookImage":"","facebookImageID":""}}},"tocTitle":"Table of Contents","tocExcludeHeadings":[],"listStyle":"ul"},"_links":{"self":[{"href":"https:\/\/carfylimassol.com\/sk\/wp-json\/wp\/v2\/pages\/870","targetHints":{"allow":["GET"]}}],"collection":[{"href":"https:\/\/carfylimassol.com\/sk\/wp-json\/wp\/v2\/pages"}],"about":[{"href":"https:\/\/carfylimassol.com\/sk\/wp-json\/wp\/v2\/types\/page"}],"author":[{"embeddable":true,"href":"https:\/\/carfylimassol.com\/sk\/wp-json\/wp\/v2\/users\/1"}],"replies":[{"embeddable":true,"href":"https:\/\/carfylimassol.com\/sk\/wp-json\/wp\/v2\/comments?post=870"}],"version-history":[{"count":2,"href":"https:\/\/carfylimassol.com\/sk\/wp-json\/wp\/v2\/pages\/870\/revisions"}],"predecessor-version":[{"id":872,"href":"https:\/\/carfylimassol.com\/sk\/wp-json\/wp\/v2\/pages\/870\/revisions\/872"}],"wp:featuredmedia":[{"embeddable":true,"href":"https:\/\/carfylimassol.com\/sk\/wp-json\/wp\/v2\/media\/145"}],"wp:attachment":[{"href":"https:\/\/carfylimassol.com\/sk\/wp-json\/wp\/v2\/media?parent=870"}],"curies":[{"name":"wp","href":"https:\/\/api.w.org\/{rel}","templated":true}]}}